{"id":367,"date":"2019-11-09T16:23:33","date_gmt":"2019-11-09T16:23:33","guid":{"rendered":"https:\/\/barristar.wpocean.com\/?page_id=2"},"modified":"2025-08-24T15:59:51","modified_gmt":"2025-08-24T15:59:51","slug":"impressum","status":"publish","type":"page","link":"https:\/\/clara-abpurg.at\/index.php\/impressum\/","title":{"rendered":"Impressum"},"content":{"rendered":"\t\t<div data-elementor-type=\"wp-page\" data-elementor-id=\"367\" class=\"elementor elementor-367\">\n\t\t\t\t\t\t<section class=\"elementor-section elementor-top-section elementor-element elementor-element-38e2ac9a elementor-section-boxed elementor-section-height-default elementor-section-height-default\" data-id=\"38e2ac9a\" data-element_type=\"section\" data-e-type=\"section\">\n\t\t\t\t\t\t<div class=\"elementor-container elementor-column-gap-default\">\n\t\t\t\t\t<div class=\"elementor-column elementor-col-100 elementor-top-column elementor-element elementor-element-2d394a13\" data-id=\"2d394a13\" data-element_type=\"column\" data-e-type=\"column\">\n\t\t\t<div class=\"elementor-widget-wrap elementor-element-populated\">\n\t\t\t\t\t\t<div class=\"elementor-element elementor-element-2b5c812 elementor-widget elementor-widget-spacer\" data-id=\"2b5c812\" data-element_type=\"widget\" data-e-type=\"widget\" data-widget_type=\"spacer.default\">\n\t\t\t\t<div class=\"elementor-widget-container\">\n\t\t\t\t\t\t\t<div class=\"elementor-spacer\">\n\t\t\t<div class=\"elementor-spacer-inner\"><\/div>\n\t\t<\/div>\n\t\t\t\t\t\t<\/div>\n\t\t\t\t<\/div>\n\t\t\t\t<div class=\"elementor-element elementor-element-aaa7f30 elementor-widget elementor-widget-text-editor\" data-id=\"aaa7f30\" data-element_type=\"widget\" data-e-type=\"widget\" data-widget_type=\"text-editor.default\">\n\t\t\t\t<div class=\"elementor-widget-container\">\n\t\t\t\t\t\t\t\t\t<h2 class=\"wp-block-heading\" style=\"text-align: center;\">Impressum<\/h2><p><!-- \/wp:heading --><!-- wp:paragraph --><\/p><p><strong data-start=\"4832\" data-end=\"4861\">Rechtsanw\u00e4ltin<br \/><\/strong>Mag. Clara Abpurg<br data-start=\"4904\" data-end=\"4907\" \/>Garnisongasse 11\/1<br data-start=\"4945\" data-end=\"4948\" \/>1090 Wien<br \/><br data-start=\"4963\" data-end=\"4966\" \/>E-Mail: kanzlei@clara-abpurg.at<br data-start=\"5008\" data-end=\"5011\" \/>Telefon: +43 1 226 55 08<\/p>\t\t\t\t\t\t\t\t<\/div>\n\t\t\t\t<\/div>\n\t\t\t\t<div class=\"elementor-element elementor-element-e815573 elementor-widget-divider--view-line elementor-widget elementor-widget-divider\" data-id=\"e815573\" data-element_type=\"widget\" data-e-type=\"widget\" data-widget_type=\"divider.default\">\n\t\t\t\t<div class=\"elementor-widget-container\">\n\t\t\t\t\t\t\t<div class=\"elementor-divider\">\n\t\t\t<span class=\"elementor-divider-separator\">\n\t\t\t\t\t\t<\/span>\n\t\t<\/div>\n\t\t\t\t\t\t<\/div>\n\t\t\t\t<\/div>\n\t\t\t\t<div class=\"elementor-element elementor-element-a7a0de0 elementor-widget elementor-widget-text-editor\" data-id=\"a7a0de0\" data-element_type=\"widget\" data-e-type=\"widget\" data-widget_type=\"text-editor.default\">\n\t\t\t\t<div class=\"elementor-widget-container\">\n\t\t\t\t\t\t\t\t\t<p><b>Haftung f\u00fcr Inhalte<br \/><\/b>Die Inhalte unserer Seiten wurden mit gr\u00f6\u00dfter Sorgfalt erstellt. F\u00fcr die Richtigkeit, Vollst\u00e4ndigkeit und Aktualit\u00e4t der Inhalte k\u00f6nnen wir jedoch keine Gew\u00e4hr \u00fcbernehmen. Als Diensteanbieter sind wir gem\u00e4\u00df \u00a7 7 Abs.1 TMG f\u00fcr eigene Inhalte auf diesen Seiten nach den allgemeinen Gesetzen verantwortlich. Nach \u00a7 8 bis 10 TMG sind wir als Diensteanbieter jedoch nicht verpflichtet, \u00fcbermittelte oder gespeicherte fremde Informationen zu \u00fcberwachen oder nach Umst\u00e4nden zu forschen, die auf eine rechtswidrige T\u00e4tigkeit hinweisen. Verpflichtungen zur Entfernung oder Sperrung der Nutzung von Informationen nach den allgemeinen Gesetzen bleiben hiervon unber\u00fchrt. Eine diesbez\u00fcgliche Haftung ist jedoch erst ab dem Zeitpunkt der Kenntnis einer konkreten Rechtsverletzung m\u00f6glich. Bei Bekanntwerden von entsprechenden Rechtsverletzungen werden wir diese Inhalte umgehend entfernen.<\/p><p><b>Haftung f\u00fcr Links<\/b><br \/>Unser Angebot enth\u00e4lt Links zu externen Webseiten Dritter, auf deren Inhalte wir keinen Einfluss haben. Deshalb k\u00f6nnen wir f\u00fcr diese fremden Inhalte auch keine Gew\u00e4hr \u00fcbernehmen. F\u00fcr die Inhalte der verlinkten Seiten ist stets der jeweilige Anbieter oder Betreiber der Seiten verantwortlich. Die verlinkten Seiten wurden zum Zeitpunkt der Verlinkung auf m\u00f6gliche Rechtsverst\u00f6\u00dfe \u00fcberpr\u00fcft. Rechtswidrige Inhalte waren zum Zeitpunkt der Verlinkung nicht erkennbar. Eine permanente inhaltliche Kontrolle der verlinkten Seiten ist jedoch ohne konkrete Anhaltspunkte einer Rechtsverletzung nicht zumutbar. Bei Bekanntwerden von Rechtsverletzungen werden wir derartige Links umgehend entfernen. Urheberrecht Die durch die Seitenbetreiber erstellten Inhalte und Werke auf diesen Seiten unterliegen dem deutschen Urheberrecht. Die Vervielf\u00e4ltigung, Bearbeitung, Verbreitung und jede Art der Verwertung au\u00dferhalb der Grenzen des Urheberrechtes bed\u00fcrfen der schriftlichen Zustimmung des jeweiligen Autors bzw. Erstellers. Downloads und Kopien dieser Seite sind nur f\u00fcr den privaten, nicht kommerziellen Gebrauch gestattet. Soweit die Inhalte auf dieser Seite nicht vom Betreiber erstellt wurden, werden die Urheberrechte Dritter beachtet. Insbesondere werden Inhalte Dritter als solche gekennzeichnet. Sollten Sie trotzdem auf eine Urheberrechtsverletzung aufmerksam werden, bitten wir um einen entsprechenden Hinweis. Bei Bekanntwerden von Rechtsverletzungen werden wir derartige Inhalte umgehend entfernen.<\/p>\t\t\t\t\t\t\t\t<\/div>\n\t\t\t\t<\/div>\n\t\t\t\t<div class=\"elementor-element elementor-element-98c82af elementor-widget-divider--view-line elementor-widget elementor-widget-divider\" data-id=\"98c82af\" data-element_type=\"widget\" data-e-type=\"widget\" data-widget_type=\"divider.default\">\n\t\t\t\t<div class=\"elementor-widget-container\">\n\t\t\t\t\t\t\t<div class=\"elementor-divider\">\n\t\t\t<span class=\"elementor-divider-separator\">\n\t\t\t\t\t\t<\/span>\n\t\t<\/div>\n\t\t\t\t\t\t<\/div>\n\t\t\t\t<\/div>\n\t\t\t\t\t<\/div>\n\t\t<\/div>\n\t\t\t\t\t<\/div>\n\t\t<\/section>\n\t\t\t\t<section class=\"elementor-section elementor-top-section elementor-element elementor-element-8490767 elementor-section-boxed elementor-section-height-default elementor-section-height-default\" data-id=\"8490767\" data-element_type=\"section\" data-e-type=\"section\">\n\t\t\t\t\t\t<div class=\"elementor-container elementor-column-gap-default\">\n\t\t\t\t\t<div class=\"elementor-column elementor-col-100 elementor-top-column elementor-element elementor-element-8a35597\" data-id=\"8a35597\" data-element_type=\"column\" data-e-type=\"column\">\n\t\t\t<div class=\"elementor-widget-wrap elementor-element-populated\">\n\t\t\t\t\t\t<div class=\"elementor-element elementor-element-1b48726 elementor-widget elementor-widget-html\" data-id=\"1b48726\" data-element_type=\"widget\" data-e-type=\"widget\" data-widget_type=\"html.default\">\n\t\t\t\t<div class=\"elementor-widget-container\">\n\t\t\t\t\t<p style=\"font-size:20px; font-weight:bold;\">Technische Betreuung, Umsetzung & Design<\/p>\n        <a href=\"https:\/\/eximie.at\/\" target=\"_blank\"><img decoding=\"async\" src=\"https:\/\/eximie.at\/wp-content\/uploads\/2021\/01\/EXIMIE-LOGO-kl1.png\" \/><\/a><br \/>  \n      <p style=\"font-size:14px;\"><b>EXIMIE Marketing GmbH<\/b><br \/>\n       Social Media Marketing, Online Marketing & Webdesign<\/p>\n       <p style=\"font-size:14px;\"><b>Web:<\/b> <a href=\"https:\/\/eximie.at\/\" target=\"_blank\" style=\"color:#000000;\">https:\/\/eximie.at\/<\/a><br \/>\n       <b>Telefon:<\/b> <a href=\"tel: +43 676 \/ 4093232\" style=\"color:#000000;\">+43 676 \/ 4093232<\/a><\/p>\t\t\t\t<\/div>\n\t\t\t\t<\/div>\n\t\t\t\t\t<\/div>\n\t\t<\/div>\n\t\t\t\t\t<\/div>\n\t\t<\/section>\n\t\t\t\t<\/div>\n\t\t","protected":false},"excerpt":{"rendered":"Impressum Rechtsanw\u00e4ltinMag. Clara AbpurgGarnisongasse 11\/11090 WienE-Mail: kanzlei@clara-abpurg.atTelefon: +43 1 226 55 08 Haftung f\u00fcr InhalteDie Inhalte unserer Seiten wurden mit gr\u00f6\u00dfter Sorgfalt erstellt. F\u00fcr die Richtigkeit, Vollst\u00e4ndigkeit und Aktualit\u00e4t der Inhalte k\u00f6nnen wir jedoch keine Gew\u00e4hr \u00fcbernehmen. Als Diensteanbieter sind wir gem\u00e4\u00df \u00a7 7 Abs.1 TMG f\u00fcr eigene Inhalte auf diesen Seiten nach den allgemeinen ","protected":false},"author":1,"featured_media":0,"parent":0,"menu_order":0,"comment_status":"closed","ping_status":"open","template":"","meta":{"footnotes":""},"class_list":["post-367","page","type-page","status-publish","hentry"],"yoast_head":"<!-- This site is optimized with the Yoast SEO plugin v27.5 - https:\/\/yoast.com\/product\/yoast-seo-wordpress\/ -->\n<title>Impressum - Mag. Clara Abpurg<\/title>\n<meta name=\"robots\" content=\"index, follow, max-snippet:-1, max-image-preview:large, max-video-preview:-1\" \/>\n<link rel=\"canonical\" href=\"https:\/\/clara-abpurg.at\/index.php\/impressum\/\" \/>\n<meta property=\"og:locale\" content=\"de_DE\" \/>\n<meta property=\"og:type\" content=\"article\" \/>\n<meta property=\"og:title\" content=\"Impressum - Mag. Clara Abpurg\" \/>\n<meta property=\"og:description\" content=\"Impressum Rechtsanw\u00e4ltinMag. Clara AbpurgGarnisongasse 11\/11090 WienE-Mail: kanzlei@clara-abpurg.atTelefon: +43 1 226 55 08 Haftung f\u00fcr InhalteDie Inhalte unserer Seiten wurden mit gr\u00f6\u00dfter Sorgfalt erstellt. F\u00fcr die Richtigkeit, Vollst\u00e4ndigkeit und Aktualit\u00e4t der Inhalte k\u00f6nnen wir jedoch keine Gew\u00e4hr \u00fcbernehmen. Als Diensteanbieter sind wir gem\u00e4\u00df \u00a7 7 Abs.1 TMG f\u00fcr eigene Inhalte auf diesen Seiten nach den allgemeinen\" \/>\n<meta property=\"og:url\" content=\"https:\/\/clara-abpurg.at\/index.php\/impressum\/\" \/>\n<meta property=\"og:site_name\" content=\"Mag. Clara Abpurg\" \/>\n<meta property=\"article:modified_time\" content=\"2025-08-24T15:59:51+00:00\" \/>\n<meta property=\"og:image\" content=\"https:\/\/eximie.at\/wp-content\/uploads\/2021\/01\/EXIMIE-LOGO-kl1.png\" \/>\n<meta name=\"twitter:card\" content=\"summary_large_image\" \/>\n<meta name=\"twitter:label1\" content=\"Gesch\u00e4tzte Lesezeit\" \/>\n\t<meta name=\"twitter:data1\" content=\"3\u00a0Minuten\" \/>\n<script type=\"application\/ld+json\" class=\"yoast-schema-graph\">{\"@context\":\"https:\\\/\\\/schema.org\",\"@graph\":[{\"@type\":\"WebPage\",\"@id\":\"https:\\\/\\\/clara-abpurg.at\\\/index.php\\\/impressum\\\/\",\"url\":\"https:\\\/\\\/clara-abpurg.at\\\/index.php\\\/impressum\\\/\",\"name\":\"Impressum - Mag. Clara Abpurg\",\"isPartOf\":{\"@id\":\"https:\\\/\\\/clara-abpurg.at\\\/#website\"},\"primaryImageOfPage\":{\"@id\":\"https:\\\/\\\/clara-abpurg.at\\\/index.php\\\/impressum\\\/#primaryimage\"},\"image\":{\"@id\":\"https:\\\/\\\/clara-abpurg.at\\\/index.php\\\/impressum\\\/#primaryimage\"},\"thumbnailUrl\":\"https:\\\/\\\/eximie.at\\\/wp-content\\\/uploads\\\/2021\\\/01\\\/EXIMIE-LOGO-kl1.png\",\"datePublished\":\"2019-11-09T16:23:33+00:00\",\"dateModified\":\"2025-08-24T15:59:51+00:00\",\"breadcrumb\":{\"@id\":\"https:\\\/\\\/clara-abpurg.at\\\/index.php\\\/impressum\\\/#breadcrumb\"},\"inLanguage\":\"de\",\"potentialAction\":[{\"@type\":\"ReadAction\",\"target\":[\"https:\\\/\\\/clara-abpurg.at\\\/index.php\\\/impressum\\\/\"]}]},{\"@type\":\"ImageObject\",\"inLanguage\":\"de\",\"@id\":\"https:\\\/\\\/clara-abpurg.at\\\/index.php\\\/impressum\\\/#primaryimage\",\"url\":\"https:\\\/\\\/eximie.at\\\/wp-content\\\/uploads\\\/2021\\\/01\\\/EXIMIE-LOGO-kl1.png\",\"contentUrl\":\"https:\\\/\\\/eximie.at\\\/wp-content\\\/uploads\\\/2021\\\/01\\\/EXIMIE-LOGO-kl1.png\"},{\"@type\":\"BreadcrumbList\",\"@id\":\"https:\\\/\\\/clara-abpurg.at\\\/index.php\\\/impressum\\\/#breadcrumb\",\"itemListElement\":[{\"@type\":\"ListItem\",\"position\":1,\"name\":\"Startseite\",\"item\":\"https:\\\/\\\/clara-abpurg.at\\\/\"},{\"@type\":\"ListItem\",\"position\":2,\"name\":\"Impressum\"}]},{\"@type\":\"WebSite\",\"@id\":\"https:\\\/\\\/clara-abpurg.at\\\/#website\",\"url\":\"https:\\\/\\\/clara-abpurg.at\\\/\",\"name\":\"Mag. Clara Abpurg\",\"description\":\"- Rechtsanw\u00e4ltin\",\"potentialAction\":[{\"@type\":\"SearchAction\",\"target\":{\"@type\":\"EntryPoint\",\"urlTemplate\":\"https:\\\/\\\/clara-abpurg.at\\\/?s={search_term_string}\"},\"query-input\":{\"@type\":\"PropertyValueSpecification\",\"valueRequired\":true,\"valueName\":\"search_term_string\"}}],\"inLanguage\":\"de\"}]}<\/script>\n<!-- \/ Yoast SEO plugin. -->","yoast_head_json":{"title":"Impressum - Mag. Clara Abpurg","robots":{"index":"index","follow":"follow","max-snippet":"max-snippet:-1","max-image-preview":"max-image-preview:large","max-video-preview":"max-video-preview:-1"},"canonical":"https:\/\/clara-abpurg.at\/index.php\/impressum\/","og_locale":"de_DE","og_type":"article","og_title":"Impressum - Mag. Clara Abpurg","og_description":"Impressum Rechtsanw\u00e4ltinMag. Clara AbpurgGarnisongasse 11\/11090 WienE-Mail: kanzlei@clara-abpurg.atTelefon: +43 1 226 55 08 Haftung f\u00fcr InhalteDie Inhalte unserer Seiten wurden mit gr\u00f6\u00dfter Sorgfalt erstellt. F\u00fcr die Richtigkeit, Vollst\u00e4ndigkeit und Aktualit\u00e4t der Inhalte k\u00f6nnen wir jedoch keine Gew\u00e4hr \u00fcbernehmen. Als Diensteanbieter sind wir gem\u00e4\u00df \u00a7 7 Abs.1 TMG f\u00fcr eigene Inhalte auf diesen Seiten nach den allgemeinen","og_url":"https:\/\/clara-abpurg.at\/index.php\/impressum\/","og_site_name":"Mag. Clara Abpurg","article_modified_time":"2025-08-24T15:59:51+00:00","og_image":[{"url":"https:\/\/eximie.at\/wp-content\/uploads\/2021\/01\/EXIMIE-LOGO-kl1.png","type":"","width":"","height":""}],"twitter_card":"summary_large_image","twitter_misc":{"Gesch\u00e4tzte Lesezeit":"3\u00a0Minuten"},"schema":{"@context":"https:\/\/schema.org","@graph":[{"@type":"WebPage","@id":"https:\/\/clara-abpurg.at\/index.php\/impressum\/","url":"https:\/\/clara-abpurg.at\/index.php\/impressum\/","name":"Impressum - Mag. Clara Abpurg","isPartOf":{"@id":"https:\/\/clara-abpurg.at\/#website"},"primaryImageOfPage":{"@id":"https:\/\/clara-abpurg.at\/index.php\/impressum\/#primaryimage"},"image":{"@id":"https:\/\/clara-abpurg.at\/index.php\/impressum\/#primaryimage"},"thumbnailUrl":"https:\/\/eximie.at\/wp-content\/uploads\/2021\/01\/EXIMIE-LOGO-kl1.png","datePublished":"2019-11-09T16:23:33+00:00","dateModified":"2025-08-24T15:59:51+00:00","breadcrumb":{"@id":"https:\/\/clara-abpurg.at\/index.php\/impressum\/#breadcrumb"},"inLanguage":"de","potentialAction":[{"@type":"ReadAction","target":["https:\/\/clara-abpurg.at\/index.php\/impressum\/"]}]},{"@type":"ImageObject","inLanguage":"de","@id":"https:\/\/clara-abpurg.at\/index.php\/impressum\/#primaryimage","url":"https:\/\/eximie.at\/wp-content\/uploads\/2021\/01\/EXIMIE-LOGO-kl1.png","contentUrl":"https:\/\/eximie.at\/wp-content\/uploads\/2021\/01\/EXIMIE-LOGO-kl1.png"},{"@type":"BreadcrumbList","@id":"https:\/\/clara-abpurg.at\/index.php\/impressum\/#breadcrumb","itemListElement":[{"@type":"ListItem","position":1,"name":"Startseite","item":"https:\/\/clara-abpurg.at\/"},{"@type":"ListItem","position":2,"name":"Impressum"}]},{"@type":"WebSite","@id":"https:\/\/clara-abpurg.at\/#website","url":"https:\/\/clara-abpurg.at\/","name":"Mag. Clara Abpurg","description":"- Rechtsanw\u00e4ltin","potentialAction":[{"@type":"SearchAction","target":{"@type":"EntryPoint","urlTemplate":"https:\/\/clara-abpurg.at\/?s={search_term_string}"},"query-input":{"@type":"PropertyValueSpecification","valueRequired":true,"valueName":"search_term_string"}}],"inLanguage":"de"}]}},"_links":{"self":[{"href":"https:\/\/clara-abpurg.at\/index.php\/wp-json\/wp\/v2\/pages\/367","targetHints":{"allow":["GET"]}}],"collection":[{"href":"https:\/\/clara-abpurg.at\/index.php\/wp-json\/wp\/v2\/pages"}],"about":[{"href":"https:\/\/clara-abpurg.at\/index.php\/wp-json\/wp\/v2\/types\/page"}],"author":[{"embeddable":true,"href":"https:\/\/clara-abpurg.at\/index.php\/wp-json\/wp\/v2\/users\/1"}],"replies":[{"embeddable":true,"href":"https:\/\/clara-abpurg.at\/index.php\/wp-json\/wp\/v2\/comments?post=367"}],"version-history":[{"count":22,"href":"https:\/\/clara-abpurg.at\/index.php\/wp-json\/wp\/v2\/pages\/367\/revisions"}],"predecessor-version":[{"id":757,"href":"https:\/\/clara-abpurg.at\/index.php\/wp-json\/wp\/v2\/pages\/367\/revisions\/757"}],"wp:attachment":[{"href":"https:\/\/clara-abpurg.at\/index.php\/wp-json\/wp\/v2\/media?parent=367"}],"curies":[{"name":"wp","href":"https:\/\/api.w.org\/{rel}","templated":true}]}}